{"id":14,"date":"2023-08-01T16:03:41","date_gmt":"2023-08-01T16:03:41","guid":{"rendered":"https:\/\/kiemionys.lt\/?page_id=14"},"modified":"2025-01-14T06:16:39","modified_gmt":"2025-01-14T06:16:39","slug":"taisykles","status":"publish","type":"page","link":"https:\/\/kiemionys.lt\/?page_id=14","title":{"rendered":"REGISTRACIJA"},"content":{"rendered":"<ul>\n<li>\u012esiregistruojant n\u0117ra minimalaus am\u017eiaus reikalavimo.<\/li>\n<li>Sodyboje gali sve\u010diuotis tik tiek \u017emoni\u0173, kiek yra suderinta. Jei pas sve\u010dius atvyksta lankytojai, apie tai jie privalo informuoti sodybos atstovus.<\/li>\n<li>Atvykus sve\u010diai turi i\u0161 karto sumok\u0117ti piln\u0105 nuomos kain\u0105. Taip pat ir atsiskaitoma u\u017esisakius papildomas mokamas sodybos paslaugas.<\/li>\n<li>Viduje pastato draud\u017eiama r\u016bkyti. R\u016bkyti galima tik tam skirtose vietose ir nuor\u016bkas mesti tik \u012f tam skirtas talpas.<\/li>\n<li>Naudotis elektros prietaisais visada laikantis saugumo reikalavim\u0173. Neleisti jais naudotis vaikams. Nepalikti be prie\u017ei\u016bros elektros prietais\u0173 \u012fjungt\u0173.<\/li>\n<li>Sodybos teritorijoje ugn\u012f kurti galima tik tam skirtose vietose. Nepalikti ugnies be prie\u017ei\u016bros, j\u0105 u\u017egesinti prie\u0161 paliekant lau\u017eaviet\u0119. Esan\u010dius pe\u010diukus, \u0161a\u0161lykines, kepsnines, lau\u017eavietes, k\u016brenti tik leidus sodybos atstovui ir i\u0161klausius instrukta\u017e\u0105.<\/li>\n<li>Elgtis taip, kad nesudaryti pavojaus sau ir kit\u0173 sve\u010di\u0173 sveikatai gyvybei, bei turtui.<\/li>\n<li>T\u0117vai arba pri\u017ei\u016brintys asmenys privalo u\u017etikrinti vaik\u0173 saugum\u0105. Vaikams irstytis valtimi, maudytis, plaukioti vandens dvira\u010diu, \u017evejoti galima tik kartu su suaugusiais ir apsivilkus gelb\u0117jimosi liemenes.<\/li>\n<li>Su augintiniais apsistoti galima (u\u017e papildom\u0105 mokest\u012f). Sve\u010diai atsive\u017e\u0119 augintin\u012f privalo r\u016bpintis, kad jis netrukdyt\u0173 kitiems sve\u010diams, negul\u0117t\u0173 ar nes\u0117d\u0117t\u0173 ant bald\u0173 ir neter\u0161t\u0173 sodybos teritorijos. Planuojantys atvykti su augintiniu privalo i\u0161anksto prane\u0161ti ir suderinti su paslaugos teik\u0117ju.<\/li>\n<li>Sve\u010diai be sodybos atstovo leidimo, neturi teis\u0117s ne\u0161ti ar perkelti sodybos inventoriaus, bald\u0173 ir kit\u0173 reikmen\u0173 \u012f kitas vietas.<\/li>\n<li>Visada nemokamos vietos automobiliams.<\/li>\n<\/ul>\n<p><strong>Nesuderinti renginiai ar vakar\u0117liai sodyboje yra neleid\u017eiami. <\/strong>Sve\u010diai privalo laikytis ramyb\u0117s nuo 22:00 val. iki 8:00 val.<\/p>\n<p>\u012esiregistravimas: nuo 15:00 val. iki 20:00 val.<br \/>\nI\u0161registravimas: nuo 8:00 val. iki 12:00 val.<\/p>\n<p>Minimalus nuomos terminas \u2013 2 naktys.<\/p>\n","protected":false},"excerpt":{"rendered":"<p>\u012esiregistruojant n\u0117ra minimalaus am\u017eiaus reikalavimo. Sodyboje gali sve\u010diuotis tik tiek \u017emoni\u0173, kiek yra suderinta. Jei pas sve\u010dius atvyksta lankytojai, apie<\/p>\n<p><a href=\"https:\/\/kiemionys.lt\/?page_id=14\" class=\"more-link\">Continue reading<span class=\"screen-reader-text\">REGISTRACIJA<\/span><\/a><\/p>\n","protected":false},"author":1,"featured_media":0,"parent":0,"menu_order":0,"comment_status":"closed","ping_status":"closed","template":"","meta":{"om_disable_all_campaigns":false,"_monsterinsights_skip_tracking":false,"_monsterinsights_sitenote_active":false,"_monsterinsights_sitenote_note":"","_monsterinsights_sitenote_category":0,"ngg_post_thumbnail":0,"footnotes":""},"class_list":["post-14","page","type-page","status-publish","hentry"],"aioseo_notices":[],"_links":{"self":[{"href":"https:\/\/kiemionys.lt\/index.php?rest_route=\/wp\/v2\/pages\/14","targetHints":{"allow":["GET"]}}],"collection":[{"href":"https:\/\/kiemionys.lt\/index.php?rest_route=\/wp\/v2\/pages"}],"about":[{"href":"https:\/\/kiemionys.lt\/index.php?rest_route=\/wp\/v2\/types\/page"}],"author":[{"embeddable":true,"href":"https:\/\/kiemionys.lt\/index.php?rest_route=\/wp\/v2\/users\/1"}],"replies":[{"embeddable":true,"href":"https:\/\/kiemionys.lt\/index.php?rest_route=%2Fwp%2Fv2%2Fcomments&post=14"}],"version-history":[{"count":10,"href":"https:\/\/kiemionys.lt\/index.php?rest_route=\/wp\/v2\/pages\/14\/revisions"}],"predecessor-version":[{"id":671,"href":"https:\/\/kiemionys.lt\/index.php?rest_route=\/wp\/v2\/pages\/14\/revisions\/671"}],"wp:attachment":[{"href":"https:\/\/kiemionys.lt\/index.php?rest_route=%2Fwp%2Fv2%2Fmedia&parent=14"}],"curies":[{"name":"wp","href":"https:\/\/api.w.org\/{rel}","templated":true}]}}