{"id":37,"date":"2023-08-01T16:24:51","date_gmt":"2023-08-01T16:24:51","guid":{"rendered":"https:\/\/kiemionys.lt\/?page_id=37"},"modified":"2026-01-21T12:46:54","modified_gmt":"2026-01-21T12:46:54","slug":"kainos","status":"publish","type":"page","link":"https:\/\/kiemionys.lt\/?page_id=37","title":{"rendered":"KAINOS"},"content":{"rendered":"<p><strong>\u012e apgyvendinimo kain\u0105 \u012fskai\u010diuota:<\/strong><\/p>\n<ul>\n<li>privatus papl\u016bdimys, lieptas;<\/li>\n<li>lau\u017eaviet\u0117;<\/li>\n<li>didel\u0117 pav\u0117sin\u0117 su \u017eidiniu ir lauko baldais;<\/li>\n<li>lauko kepsnin\u0117, virykl\u0117, \u0161a\u0161lykin\u0117, kazanas, didel\u0117 ketaus keltuv\u0117 ir kelios ma\u017eesn\u0117s keptuv\u0117s, \u010dirvin\u0117, keli\u0173 dyd\u017ei\u0173 ketaus katilai, grotel\u0117s, ie\u0161mai;<\/li>\n<li>2 mai\u0161ai po 40 litr\u0173 malk\u0173;<\/li>\n<li>lauko virtuv\u0117s indai;<\/li>\n<li>didel\u0117s medin\u0117 s\u016bpyn\u0117s;<\/li>\n<li>deginimosi gultai;<\/li>\n<li>plastikin\u0117 valtis;<\/li>\n<li>tinklinio rinkinys;<\/li>\n<li>badmintono rake\u010di\u0173 rinkinys;<\/li>\n<li>\u012fvair\u016bs stalo \u017eaidimai;<\/li>\n<li>keturvietis vandens dviratis;<\/li>\n<li>\u017evejyba (e\u017eere, up\u0117je). Tik turintiems leidim\u0105 \u017evejoti;<\/li>\n<li>geriamo vandens stotel\u0117;<\/li>\n<li>patalyn\u0117, patalyn\u0117s u\u017evalkalai, pledai, rank\u0161luos\u010diai;<\/li>\n<li>\u0161aldytuvas g\u0117rimams.<\/li>\n<\/ul>\n<p><strong>U\u017e papildom\u0105 kain\u0105:<\/strong><\/p>\n<ul>\n<li>dvivie\u010di\u0173 baidari\u0173 VISTA Wave Sport nuoma. Dviviet\u0117s baidar\u0117s nuomos kaina nuo 40 EUR dienai. \u012e kain\u0105 \u012feina baidar\u0117s nuoma su visa \u012franga (liemen\u0117s, hermetiniai mai\u0161ai, \u017eem\u0117lapiai, irklai);<\/li>\n<li>motorinis (\u017evejybinis) kateris. Nuo 150 EUR dienai + i\u0161laidos u\u017e kur\u0105;<\/li>\n<li>pramoginis laivas-katamaranas. Plaukimas su kapitonu iki 10 \u017emoni\u0173 pramoginiu katamaranu nuo 150 EUR;<\/li>\n<li>elektrinis valties variklis ir akumuliatorius 35 EUR dienai;<\/li>\n<li>sauna. Saunos i\u0161k\u016brenimas 85 Eur dienai, antras i\u0161k\u016brenimas 45 EUR;<\/li>\n<li>kubilas. Kubilo i\u0161k\u016brenimas 80 EUR, antras i\u0161k\u016brenimas, nekei\u010diant vandens 40 Eur;<\/li>\n<li>diskgolfas. Krep\u0161i\u0173 ir disk\u0173 nuomos kaina 5 EUR asmeniui dienai;<\/li>\n<li>augintiniai. Planuojantys atvykti su augintiniu privalo i\u0161 anksto prane\u0161ti ir suderinti su paslaugos teik\u0117ju. Kaina nuo 10 iki 25 EUR parai;<\/li>\n<li>papildomos malkos. Malkas galite \u012fsigyti pas mus vietoje arba tur\u0117ti savo. 40 ltr. mai\u0161as kainuoja 5 EUR;<\/li>\n<li>gelb\u0117jimo liemen\u0117s suaugusiems ir vaikams. Kaina 5 EUR dienai u\u017e vienet\u0105;<\/li>\n<li>irklent\u0117. Irklent\u0117s nuoma su gelb\u0117jimo liemene 30 EUR dienai;<\/li>\n<li>lankytoj\u0173, sve\u010di\u0173 atvykimas pas poilsiautojus. Planuojantys pasikviesti lankytoj\u0173, sve\u010di\u0173, privalo i\u0161 anksto prane\u0161ti ir suderinti su paslaugos teik\u0117ju. Lankytojai iki dviej\u0173 valand\u0173 priimami nemokamai, vir\u0161 dviej\u0173 valand\u0173 20 EUR asmeniui, Lankytojui, sve\u010diui nakvyn\u0117s kaina 40 EUR;<\/li>\n<li>patalyn\u0117s apvilkimas. Pageidaujantiems patalyn\u0117s apvilkimo paslaugos, vienos lovos patalyn\u0117s apvilkimas 5 EUR.<\/li>\n<\/ul>\n<p>Kaina parai &#8211; nuo 150 Eur iki 300 Eur (priklauso nuo asmen\u0173 kiekio). Minimalus apgyvendinimo laikotarpis dvi paros.&nbsp;<\/p>\n<p>Atvykus reik\u0117s sumok\u0117ti 100 EUR dyd\u017eio \u017ealos u\u017estat\u0105. U\u017estato sum\u0105 reikia sumok\u0117ti grynaisiais. U\u017estat\u0105 atgausite per 7 kalendorines dienas nuo i\u0161siregistravimo. Visas sumok\u0117tas u\u017estatas bus gr\u0105\u017eintas bankiniu pavedimu ap\u017ei\u016br\u0117jus apgyvendinimo aplink\u0105.<\/p>\n","protected":false},"excerpt":{"rendered":"<p>\u012e apgyvendinimo kain\u0105 \u012fskai\u010diuota: privatus papl\u016bdimys, lieptas; lau\u017eaviet\u0117; didel\u0117 pav\u0117sin\u0117 su \u017eidiniu ir lauko baldais; lauko kepsnin\u0117, virykl\u0117, \u0161a\u0161lykin\u0117, kazanas,<\/p>\n<p><a href=\"https:\/\/kiemionys.lt\/?page_id=37\" class=\"more-link\">Continue reading<span class=\"screen-reader-text\">KAINOS<\/span><\/a><\/p>\n","protected":false},"author":1,"featured_media":0,"parent":0,"menu_order":0,"comment_status":"closed","ping_status":"closed","template":"","meta":{"om_disable_all_campaigns":false,"_monsterinsights_skip_tracking":false,"_monsterinsights_sitenote_active":false,"_monsterinsights_sitenote_note":"","_monsterinsights_sitenote_category":0,"ngg_post_thumbnail":0,"footnotes":""},"class_list":["post-37","page","type-page","status-publish","hentry"],"aioseo_notices":[],"_links":{"self":[{"href":"https:\/\/kiemionys.lt\/index.php?rest_route=\/wp\/v2\/pages\/37","targetHints":{"allow":["GET"]}}],"collection":[{"href":"https:\/\/kiemionys.lt\/index.php?rest_route=\/wp\/v2\/pages"}],"about":[{"href":"https:\/\/kiemionys.lt\/index.php?rest_route=\/wp\/v2\/types\/page"}],"author":[{"embeddable":true,"href":"https:\/\/kiemionys.lt\/index.php?rest_route=\/wp\/v2\/users\/1"}],"replies":[{"embeddable":true,"href":"https:\/\/kiemionys.lt\/index.php?rest_route=%2Fwp%2Fv2%2Fcomments&post=37"}],"version-history":[{"count":21,"href":"https:\/\/kiemionys.lt\/index.php?rest_route=\/wp\/v2\/pages\/37\/revisions"}],"predecessor-version":[{"id":751,"href":"https:\/\/kiemionys.lt\/index.php?rest_route=\/wp\/v2\/pages\/37\/revisions\/751"}],"wp:attachment":[{"href":"https:\/\/kiemionys.lt\/index.php?rest_route=%2Fwp%2Fv2%2Fmedia&parent=37"}],"curies":[{"name":"wp","href":"https:\/\/api.w.org\/{rel}","templated":true}]}}