{"id":482,"date":"2023-10-02T09:09:35","date_gmt":"2023-10-02T09:09:35","guid":{"rendered":"https:\/\/kiemionys.lt\/?page_id=482"},"modified":"2024-06-17T16:00:51","modified_gmt":"2024-06-17T16:00:51","slug":"inventar","status":"publish","type":"page","link":"https:\/\/kiemionys.lt\/?page_id=482&lang=de","title":{"rendered":"INVENTAR"},"content":{"rendered":"<ul>\n<li>Eine voll ausgestattete K\u00fcche<br \/>\n\uf0d8 K\u00fchlschrank mit Gefrierfach, Elektroherd, Mikrowelle, Wasserkocher, Kaffeemaschine, Geschirrsp\u00fcler, Geschirr, Besteck und K\u00fcchenutensilien<\/li>\n<li>Ein Wohnzimmer<br \/>\n\uf0d8 mit einem Ofen, einem gro\u00dfen Holztisch und B\u00e4nken, einem ausziehbaren Doppelsofa<\/li>\n<li>Badezimmer<br \/>\n\uf0d8 hier befinden sich Toilette, Dusche, Waschbecken mit Spiegel, Waschmaschine mit Trockner, Toilettenpapier, Handt\u00fccher, Haartrockner, Handtuchtrockner, Pflegeprodukte sowie Reinigungsutensilien<\/li>\n<li>Sauna mit hei\u00dfem und kaltem Wasser<\/li>\n<li>Schlafzimmer (im Dachgeschoss)<br \/>\n\uf0d8 Betten (f\u00fcr 8 Personen), TV, Radio\/CD-Player<\/li>\n<li>Terrasse<br \/>\n\uf0d8 zwei Holzst\u00fchle, ein Tisch und ein wundersch\u00f6ner Blick auf den See<\/li>\n<li>Internet (kann im gesamten Anwesen genutzt werden)<\/li>\n<li>Heiz-\/K\u00fchlsystem (im gesamten Haus)<\/li>\n<li>Insektenschutzgitter an den Fenstern<\/li>\n<li>8 Betten mit Bettw\u00e4sche und Handt\u00fcchern<\/li>\n<li>F\u00fcr ein Kind besteht die M\u00f6glichkeit ein Babybett aufzustellen<\/li>\n<li>Hei\u00dfes und kaltes Wasser<\/li>\n<li>Privater Eingang zum Haus<\/li>\n<li>Videokameras \u2013 f\u00fcr die Sicherheit der G\u00e4ste<\/li>\n<li>Das Mitnehmen von Gummistiefeln wird empfohlen<\/li>\n<li>Haus am See, 5 Meter zum Wasser<\/li>\n<\/ul>\n","protected":false},"excerpt":{"rendered":"<p>Eine voll ausgestattete K\u00fcche \uf0d8 K\u00fchlschrank mit Gefrierfach, Elektroherd, Mikrowelle, Wasserkocher, Kaffeemaschine, Geschirrsp\u00fcler, Geschirr, Besteck und K\u00fcchenutensilien Ein Wohnzimmer \uf0d8<\/p>\n<p><a href=\"https:\/\/kiemionys.lt\/?page_id=482&#038;lang=de\" class=\"more-link\">Continue reading<span class=\"screen-reader-text\">INVENTAR<\/span><\/a><\/p>\n","protected":false},"author":2,"featured_media":0,"parent":0,"menu_order":0,"comment_status":"closed","ping_status":"closed","template":"","meta":{"om_disable_all_campaigns":false,"_monsterinsights_skip_tracking":false,"_monsterinsights_sitenote_active":false,"_monsterinsights_sitenote_note":"","_monsterinsights_sitenote_category":0,"ngg_post_thumbnail":0,"footnotes":""},"class_list":["post-482","page","type-page","status-publish","hentry"],"aioseo_notices":[],"_links":{"self":[{"href":"https:\/\/kiemionys.lt\/index.php?rest_route=\/wp\/v2\/pages\/482","targetHints":{"allow":["GET"]}}],"collection":[{"href":"https:\/\/kiemionys.lt\/index.php?rest_route=\/wp\/v2\/pages"}],"about":[{"href":"https:\/\/kiemionys.lt\/index.php?rest_route=\/wp\/v2\/types\/page"}],"author":[{"embeddable":true,"href":"https:\/\/kiemionys.lt\/index.php?rest_route=\/wp\/v2\/users\/2"}],"replies":[{"embeddable":true,"href":"https:\/\/kiemionys.lt\/index.php?rest_route=%2Fwp%2Fv2%2Fcomments&post=482"}],"version-history":[{"count":3,"href":"https:\/\/kiemionys.lt\/index.php?rest_route=\/wp\/v2\/pages\/482\/revisions"}],"predecessor-version":[{"id":637,"href":"https:\/\/kiemionys.lt\/index.php?rest_route=\/wp\/v2\/pages\/482\/revisions\/637"}],"wp:attachment":[{"href":"https:\/\/kiemionys.lt\/index.php?rest_route=%2Fwp%2Fv2%2Fmedia&parent=482"}],"curies":[{"name":"wp","href":"https:\/\/api.w.org\/{rel}","templated":true}]}}