{"id":488,"date":"2023-10-02T09:15:17","date_gmt":"2023-10-02T09:15:17","guid":{"rendered":"https:\/\/kiemionys.lt\/?page_id=488"},"modified":"2026-01-03T15:19:57","modified_gmt":"2026-01-03T15:19:57","slug":"preise","status":"publish","type":"page","link":"https:\/\/kiemionys.lt\/?page_id=488&lang=de","title":{"rendered":"PREISE"},"content":{"rendered":"<p data-start=\"62\" data-end=\"100\"><strong data-start=\"62\" data-end=\"100\">Der \u00dcbernachtungspreis beinhaltet:<\/strong><\/p>\n<ul data-start=\"102\" data-end=\"734\">\n<li data-start=\"102\" data-end=\"138\">\n<p data-start=\"104\" data-end=\"138\">Privater Strandzugang mit Leiter<\/p>\n<\/li>\n<li data-start=\"139\" data-end=\"159\">\n<p data-start=\"141\" data-end=\"159\">Lagerfeuerstelle<\/p>\n<\/li>\n<li data-start=\"160\" data-end=\"206\">\n<p data-start=\"162\" data-end=\"206\">Gro\u00dfer Pavillon mit Kamin und Gartenm\u00f6beln<\/p>\n<\/li>\n<li data-start=\"207\" data-end=\"373\">\n<p data-start=\"209\" data-end=\"373\">Au\u00dfengrill, Herd, Barbecue, Kessel, gro\u00dfe gusseiserne Pfanne, mehrere kleinere Pfannen, Waffeleisen, gusseiserne T\u00f6pfe in verschiedenen Gr\u00f6\u00dfen, Grillroste, Spie\u00dfe<\/p>\n<\/li>\n<li data-start=\"374\" data-end=\"406\">\n<p data-start=\"376\" data-end=\"406\">2 S\u00e4cke Brennholz \u00e0 40 Liter<\/p>\n<\/li>\n<li data-start=\"407\" data-end=\"435\">\n<p data-start=\"409\" data-end=\"435\">Outdoor-K\u00fcchenutensilien<\/p>\n<\/li>\n<li data-start=\"436\" data-end=\"458\">\n<p data-start=\"438\" data-end=\"458\">Gro\u00dfe Holzschaukel<\/p>\n<\/li>\n<li data-start=\"459\" data-end=\"475\">\n<p data-start=\"461\" data-end=\"475\">Sonnenliegen<\/p>\n<\/li>\n<li data-start=\"476\" data-end=\"494\">\n<p data-start=\"478\" data-end=\"494\">Kunststoffboot<\/p>\n<\/li>\n<li data-start=\"495\" data-end=\"513\">\n<p data-start=\"497\" data-end=\"513\">Volleyball-Set<\/p>\n<\/li>\n<li data-start=\"514\" data-end=\"539\">\n<p data-start=\"516\" data-end=\"539\">Badminton-Schl\u00e4gerset<\/p>\n<\/li>\n<li data-start=\"540\" data-end=\"568\">\n<p data-start=\"542\" data-end=\"568\">Verschiedene Brettspiele<\/p>\n<\/li>\n<li data-start=\"569\" data-end=\"594\">\n<p data-start=\"571\" data-end=\"594\">Viersitziges Tretboot<\/p>\n<\/li>\n<li data-start=\"595\" data-end=\"664\">\n<p data-start=\"597\" data-end=\"664\">Angeln (im See und Fluss). Angeln ist nur mit Genehmigung erlaubt<\/p>\n<\/li>\n<li data-start=\"665\" data-end=\"687\">\n<p data-start=\"667\" data-end=\"687\">Trinkwasserstation<\/p>\n<\/li>\n<li data-start=\"688\" data-end=\"734\">\n<p data-start=\"690\" data-end=\"734\">Bettw\u00e4sche, Bettbez\u00fcge, Decken, Handt\u00fccher<\/p>\n<\/li>\n<\/ul>\n<p data-start=\"736\" data-end=\"765\"><strong data-start=\"736\" data-end=\"765\">Gegen Aufpreis verf\u00fcgbar:<\/strong><\/p>\n<ul data-start=\"767\" data-end=\"1994\">\n<li data-start=\"767\" data-end=\"931\">\n<p data-start=\"769\" data-end=\"931\">Doppelkajak <strong data-start=\"781\" data-end=\"801\">VISTA Wave Sport<\/strong>. Mietpreis 40 EUR pro Tag. Im Preis enthalten sind Kajak und komplette Ausr\u00fcstung (Schwimmwesten, Trockens\u00e4cke, Karten, Paddel)<\/p>\n<\/li>\n<li data-start=\"932\" data-end=\"1000\">\n<p data-start=\"934\" data-end=\"1000\">Motorboot (Angelboot): ab 150 EUR pro Tag zzgl. Kraftstoffkosten<\/p>\n<\/li>\n<li data-start=\"1001\" data-end=\"1080\">\n<p data-start=\"1003\" data-end=\"1080\">Freizeitboot-Katamaran. Fahrt mit Kapit\u00e4n f\u00fcr bis zu 10 Personen ab 150 EUR<\/p>\n<\/li>\n<li data-start=\"1081\" data-end=\"1137\">\n<p data-start=\"1083\" data-end=\"1137\">Elektrischer Bootsmotor mit Batterie: 35 EUR pro Tag<\/p>\n<\/li>\n<li data-start=\"1138\" data-end=\"1203\">\n<p data-start=\"1140\" data-end=\"1203\">Sauna. Saunabeheizung 85 EUR pro Tag, zweite Beheizung 45 EUR<\/p>\n<\/li>\n<li data-start=\"1204\" data-end=\"1277\">\n<p data-start=\"1206\" data-end=\"1277\">Hot Tub. Aufheizen 80 EUR, zweite Beheizung ohne Wasserwechsel 40 EUR<\/p>\n<\/li>\n<li data-start=\"1278\" data-end=\"1341\">\n<p data-start=\"1280\" data-end=\"1341\">Discgolf. Korb- und Scheibenmiete: 5 EUR pro Person und Tag<\/p>\n<\/li>\n<li data-start=\"1342\" data-end=\"1487\">\n<p data-start=\"1344\" data-end=\"1487\">Haustiere. Die Mitnahme eines Haustiers muss im Voraus angemeldet und mit dem Anbieter abgestimmt werden. Preis von 10 EUR bis 25 EUR pro Tag<\/p>\n<\/li>\n<li data-start=\"1488\" data-end=\"1609\">\n<p data-start=\"1490\" data-end=\"1609\">Zus\u00e4tzliches Brennholz. Brennholz kann vor Ort gekauft oder selbst mitgebracht werden. Ein 40-Liter-Sack kostet 5 EUR<\/p>\n<\/li>\n<li data-start=\"1610\" data-end=\"1678\">\n<p data-start=\"1612\" data-end=\"1678\">Schwimmwesten f\u00fcr Erwachsene und Kinder: 5 EUR pro St\u00fcck und Tag<\/p>\n<\/li>\n<li data-start=\"1679\" data-end=\"1744\">\n<p data-start=\"1681\" data-end=\"1744\">Stand-up-Paddleboard. Miete inkl. Schwimmweste 30 EUR pro Tag<\/p>\n<\/li>\n<li data-start=\"1745\" data-end=\"1994\">\n<p data-start=\"1747\" data-end=\"1994\">G\u00e4stebesuche. G\u00e4ste m\u00fcssen im Voraus angemeldet und mit dem Anbieter abgestimmt werden. Besucher bis zu zwei Stunden sind kostenlos, \u00fcber zwei Stunden 20 EUR pro Person. F\u00fcr G\u00e4ste, die \u00fcbernachten m\u00f6chten, kostet ein Bettw\u00e4scheset pro Bett 5 EUR<\/p>\n<\/li>\n<\/ul>\n<p data-start=\"1996\" data-end=\"2006\"><strong data-start=\"1996\" data-end=\"2006\">Preis:<\/strong><\/p>\n<ul data-start=\"2008\" data-end=\"2182\">\n<li data-start=\"2008\" data-end=\"2084\">\n<p data-start=\"2010\" data-end=\"2084\">Preis pro Nacht: von 150 EUR bis 300 EUR (abh\u00e4ngig von der Personenzahl)<\/p>\n<\/li>\n<li data-start=\"2085\" data-end=\"2147\">\n<p data-start=\"2087\" data-end=\"2147\">\u00dcbernachtung f\u00fcr einen zus\u00e4tzlichen Gast: 40 EUR pro Nacht<\/p>\n<\/li>\n<li data-start=\"2148\" data-end=\"2182\">\n<p data-start=\"2150\" data-end=\"2182\">Mindestaufenthalt: zwei N\u00e4chte<\/p>\n<\/li>\n<\/ul>\n<p data-start=\"2184\" data-end=\"2196\"><strong data-start=\"2184\" data-end=\"2196\">Kaution:<\/strong><\/p>\n<p data-start=\"2198\" data-end=\"2437\">Bei der Ankunft ist eine Kaution von 100 EUR zu hinterlegen. Die Kaution ist in bar zu zahlen. Sie wird innerhalb von 7 Kalendertagen nach der Abreise per Bank\u00fcberweisung vollst\u00e4ndig zur\u00fcckerstattet, nachdem die Unterkunft \u00fcberpr\u00fcft wurde.<\/p>\n","protected":false},"excerpt":{"rendered":"<p>Der \u00dcbernachtungspreis beinhaltet: Privater Strandzugang mit Leiter Lagerfeuerstelle Gro\u00dfer Pavillon mit Kamin und Gartenm\u00f6beln Au\u00dfengrill, Herd, Barbecue, Kessel, gro\u00dfe gusseiserne<\/p>\n<p><a href=\"https:\/\/kiemionys.lt\/?page_id=488&#038;lang=de\" class=\"more-link\">Continue reading<span class=\"screen-reader-text\">PREISE<\/span><\/a><\/p>\n","protected":false},"author":2,"featured_media":0,"parent":0,"menu_order":0,"comment_status":"closed","ping_status":"closed","template":"","meta":{"om_disable_all_campaigns":false,"_monsterinsights_skip_tracking":false,"_monsterinsights_sitenote_active":false,"_monsterinsights_sitenote_note":"","_monsterinsights_sitenote_category":0,"ngg_post_thumbnail":0,"footnotes":""},"class_list":["post-488","page","type-page","status-publish","hentry"],"aioseo_notices":[],"_links":{"self":[{"href":"https:\/\/kiemionys.lt\/index.php?rest_route=\/wp\/v2\/pages\/488","targetHints":{"allow":["GET"]}}],"collection":[{"href":"https:\/\/kiemionys.lt\/index.php?rest_route=\/wp\/v2\/pages"}],"about":[{"href":"https:\/\/kiemionys.lt\/index.php?rest_route=\/wp\/v2\/types\/page"}],"author":[{"embeddable":true,"href":"https:\/\/kiemionys.lt\/index.php?rest_route=\/wp\/v2\/users\/2"}],"replies":[{"embeddable":true,"href":"https:\/\/kiemionys.lt\/index.php?rest_route=%2Fwp%2Fv2%2Fcomments&post=488"}],"version-history":[{"count":8,"href":"https:\/\/kiemionys.lt\/index.php?rest_route=\/wp\/v2\/pages\/488\/revisions"}],"predecessor-version":[{"id":729,"href":"https:\/\/kiemionys.lt\/index.php?rest_route=\/wp\/v2\/pages\/488\/revisions\/729"}],"wp:attachment":[{"href":"https:\/\/kiemionys.lt\/index.php?rest_route=%2Fwp%2Fv2%2Fmedia&parent=488"}],"curies":[{"name":"wp","href":"https:\/\/api.w.org\/{rel}","templated":true}]}}