{"id":661,"date":"2025-01-13T11:24:08","date_gmt":"2025-01-13T11:24:08","guid":{"rendered":"https:\/\/kiemionys.lt\/?page_id=661"},"modified":"2025-01-13T13:53:42","modified_gmt":"2025-01-13T13:53:42","slug":"taisykles-2","status":"publish","type":"page","link":"https:\/\/kiemionys.lt\/?page_id=661","title":{"rendered":"TAISYKL\u0116S"},"content":{"rendered":"<p style=\"font-weight: 400;\"><strong>Sodybos KIEMIONYS taisykl\u0117s:<\/strong><\/p>\n<p style=\"font-weight: 400;\">Sodyboje gali sve\u010diuotis tik tiek \u017emoni\u0173, kiek yra suderinta. Jei pas sve\u010dius atvyksta lankytojai, apie tai jie privalo informuoti sodybos atstovus.<\/p>\n<ul>\n<li style=\"font-weight: 400;\">Gyv\u016bnus atsive\u017eti tik suderinus su sodybos atstovais.<\/li>\n<li style=\"font-weight: 400;\">Draud\u017eiama triuk\u0161mauti, leisti lauke muzik\u0105 nuo 22.00 val. iki 8.00 val.<\/li>\n<li style=\"font-weight: 400;\">Draud\u017eiama i\u0161 anksto nesuderinus su Paslaug\u0173 teik\u0117ju leisti fejerverkus, k\u016brenti lau\u017eus ar pan.<\/li>\n<li style=\"font-weight: 400;\">Draud\u017eiama \u012f sodyb\u0105 atsive\u017eti ar joje naudoti ginklus, aplinkai ir \u017emon\u0117ms pavojingas med\u017eiagas.<\/li>\n<li style=\"font-weight: 400;\">Visose patalpose draud\u017eiama r\u016bkyti. R\u016bkyti galima tik tam skirtose vietose ir nuor\u016bkas mesti tik \u012f tam skirtas talpas.<\/li>\n<li style=\"font-weight: 400;\">Naudotis elektros prietaisais visada laikantis saugumo reikalavim\u0173. Neleisti jais naudotis vaikams. Nepalikti be prie\u017ei\u016bros \u012fjungt\u0173 elektros prietais\u0173.<\/li>\n<li style=\"font-weight: 400;\">Gadinti, naikinti, lau\u017eyti, ter\u0161ti sodybos teritorij\u0105 ir joje esant\u012f turt\u0105, \u0161iuk\u0161linti.<\/li>\n<li style=\"font-weight: 400;\">Sodybos teritorijoje ugn\u012f kurti galima tik tam skirtose vietose. Nepalikti ugnies be prie\u017ei\u016bros, j\u0105 u\u017egesinti prie\u0161 paliekant lau\u017eaviet\u0119. Esan\u010dias krosneles, \u0161a\u0161lykines, kepsnines, lau\u017eavietes k\u016brenti tik leidus sodybos atstovui ir i\u0161klausius instrukta\u017e\u0105.<\/li>\n<li style=\"font-weight: 400;\">Elgtis taip, kad nesudaryti pavojaus sau ir kit\u0173 sve\u010di\u0173 sveikatai gyvybei, bei turtui.<\/li>\n<li style=\"font-weight: 400;\">T\u0117vai arba pri\u017ei\u016brintys asmenys privalo u\u017etikrinti vaik\u0173 saugum\u0105. Vaikams irstytis valtimi, maudytis, plaukioti vandens dvira\u010diu, \u017evejoti galima tik kartu su suaugusiais ir apsivilkus gelb\u0117jimosi liemenes.<\/li>\n<li style=\"font-weight: 400;\">Sve\u010diai atsive\u017e\u0119 privalo r\u016bpintis savo augintiniu, kad jis netrukdyt\u0173 kitiems sve\u010diams, negul\u0117t\u0173 ar nes\u0117d\u0117t\u0173 ant bald\u0173 ir neter\u0161t\u0173 sodybos teritorijos. Laikyt\u0173si poilsiautojams priskirtai teritorijai.<\/li>\n<li style=\"font-weight: 400;\">Sve\u010diai be sodybos atstovo leidimo, neturi teis\u0117s ne\u0161ti ar perkelti sodybos inventoriaus, bald\u0173 ir kit\u0173 reikmen\u0173 \u012f kitas vietas.<\/li>\n<li style=\"font-weight: 400;\">Naudoti savo atsive\u017et\u0105 inventori\u0173, tik suderinus prie\u0161 tai su sodybos atstovu..<\/li>\n<li style=\"font-weight: 400;\">Pasinaudojus sodybos inventoriumi, pra\u0161om i\u0161vykstant j\u012f palikti pradin\u0117je vietoje.<\/li>\n<li style=\"font-weight: 400;\">Prie\u0161 i\u0161vykstant &#8211; Paslaug\u0173 teik\u0117jui priduoti patalpas ir inventori\u0173.<\/li>\n<\/ul>\n<p style=\"font-weight: 400;\"><strong>Nesuderinti renginiai ar vakar\u0117liai sodyboje yra neleid\u017eiami. Sve\u010diai privalo laikytis ramyb\u0117s nuo 22:00 val. iki 8:00 val.<\/strong><\/p>\n<p style=\"font-weight: 400;\"><strong>\u012eregistravimas: n<\/strong><strong>uo 15:00 val. iki 20:00 val.<\/strong><\/p>\n<p style=\"font-weight: 400;\"><strong>I\u0161registravimas: nuo 8:00 val. iki 12:00 val.<\/strong><\/p>\n<p style=\"font-weight: 400;\"><strong>B\u016bsime d\u0117kingi, kad eidami ils\u0117tis (miegoti) i\u0161jungtum\u0117te vis\u0105 lauko ap\u0161vietim\u0105.<\/strong><\/p>\n","protected":false},"excerpt":{"rendered":"<p>Sodybos KIEMIONYS taisykl\u0117s: Sodyboje gali sve\u010diuotis tik tiek \u017emoni\u0173, kiek yra suderinta. Jei pas sve\u010dius atvyksta lankytojai, apie tai jie<\/p>\n<p><a href=\"https:\/\/kiemionys.lt\/?page_id=661\" class=\"more-link\">Continue reading<span class=\"screen-reader-text\">TAISYKL\u0116S<\/span><\/a><\/p>\n","protected":false},"author":3,"featured_media":0,"parent":0,"menu_order":0,"comment_status":"closed","ping_status":"closed","template":"","meta":{"om_disable_all_campaigns":false,"_monsterinsights_skip_tracking":false,"_monsterinsights_sitenote_active":false,"_monsterinsights_sitenote_note":"","_monsterinsights_sitenote_category":0,"ngg_post_thumbnail":0,"footnotes":""},"class_list":["post-661","page","type-page","status-publish","hentry"],"aioseo_notices":[],"_links":{"self":[{"href":"https:\/\/kiemionys.lt\/index.php?rest_route=\/wp\/v2\/pages\/661","targetHints":{"allow":["GET"]}}],"collection":[{"href":"https:\/\/kiemionys.lt\/index.php?rest_route=\/wp\/v2\/pages"}],"about":[{"href":"https:\/\/kiemionys.lt\/index.php?rest_route=\/wp\/v2\/types\/page"}],"author":[{"embeddable":true,"href":"https:\/\/kiemionys.lt\/index.php?rest_route=\/wp\/v2\/users\/3"}],"replies":[{"embeddable":true,"href":"https:\/\/kiemionys.lt\/index.php?rest_route=%2Fwp%2Fv2%2Fcomments&post=661"}],"version-history":[{"count":4,"href":"https:\/\/kiemionys.lt\/index.php?rest_route=\/wp\/v2\/pages\/661\/revisions"}],"predecessor-version":[{"id":667,"href":"https:\/\/kiemionys.lt\/index.php?rest_route=\/wp\/v2\/pages\/661\/revisions\/667"}],"wp:attachment":[{"href":"https:\/\/kiemionys.lt\/index.php?rest_route=%2Fwp%2Fv2%2Fmedia&parent=661"}],"curies":[{"name":"wp","href":"https:\/\/api.w.org\/{rel}","templated":true}]}}