{"id":70,"date":"2023-08-06T08:16:42","date_gmt":"2023-08-06T08:16:42","guid":{"rendered":"https:\/\/kiemionys.lt\/?page_id=70"},"modified":"2026-01-22T06:01:28","modified_gmt":"2026-01-22T06:01:28","slug":"inventorius","status":"publish","type":"page","link":"https:\/\/kiemionys.lt\/?page_id=70","title":{"rendered":"INVENTORIUS"},"content":{"rendered":"<p>Namelyje yra:<\/p>\n<ul>\n<li>pilnai \u012frengta virtuv\u0117l\u0117 su \u0161aldytuvu ir \u0161aldiklio skyriumi, kaitlent\u0117, mikrobang\u0173 krosnel\u0117, elektrinis virdulys, du kavos virimo aparatai (maltai kavai ir pupel\u0117mis kavai), ind\u0173 plautuv\u0117, stalo \u012frankiai, ir kiti b\u016btiniausi virtuv\u0117s reikmenys;<\/li>\n<li>svetain\u0117 su krosnimi, dideliu mediniu valgomojo stalu ir suolais, dviviet\u0117 i\u0161skleid\u017eiama sofa;<\/li>\n<li>vonios kambaryje rasite tualetin\u012f popieri\u0173, rank\u0161luos\u010dius, tualet\u0105, du\u0161\u0105, plauk\u0173 d\u017eiovintuv\u0105, rank\u0161luos\u010di\u0173 d\u017eiovykl\u0119\/gyvatuk\u0105, skalbykl\u0119\/d\u017eiovykl\u0119, lauko r\u016bb\u0173\/rank\u0161luos\u010di\u0173 d\u017eiovykl\u0119, praustuv\u0119 su veidrod\u017eiu, valymo reikmenis;<\/li>\n<li>sauna su \u0161iltu ir \u0161altu vandeniu;<\/li>\n<li>antrame auk\u0161te yra vienas kambarys iki a\u0161tuoni\u0173 miegam\u0173j\u0173 viet\u0173 su patalyne, u\u017evalkalais, rank\u0161luos\u010di\u0173 komplektais. Yra galimyb\u0117 pristatyti k\u016bdikio lovel\u0119. Kambaryje yra televizorius, radijo\/CD grotuvas.<\/li>\n<li>laukui pledai, LED \u017evak\u0117s, \u0161viestuvai;<\/li>\n<li>terasoje rasite du fotelius ir stalel\u012f su nuostabiu vaizdu \u012f e\u017eer\u0105;<\/li>\n<li>belaidis internetas;<\/li>\n<li>abejuose auk\u0161tuose \u0161ildymo\/v\u0117sinimo sistema;<\/li>\n<li>ant lang\u0173 tinkleliai nuo vabzd\u017ei\u0173;<\/li>\n<li>\u0161iltas ir \u0161altas vanduo;<\/li>\n<li>privatus \u012f\u0117jimas \u012f namel\u012f naudojant raktus;<\/li>\n<li>J\u016bs\u0173 saugumui \u012frengtos vaizdo kameros;<\/li>\n<li>\u0161aldytuvams g\u0117rimams;<\/li>\n<li>namelis tik 5 metrai nuo e\u017eero kranto su lieptu.<\/li>\n<\/ul>\n","protected":false},"excerpt":{"rendered":"<p>Namelyje yra: pilnai \u012frengta virtuv\u0117l\u0117 su \u0161aldytuvu ir \u0161aldiklio skyriumi, kaitlent\u0117, mikrobang\u0173 krosnel\u0117, elektrinis virdulys, du kavos virimo aparatai (maltai<\/p>\n<p><a href=\"https:\/\/kiemionys.lt\/?page_id=70\" class=\"more-link\">Continue reading<span class=\"screen-reader-text\">INVENTORIUS<\/span><\/a><\/p>\n","protected":false},"author":1,"featured_media":0,"parent":0,"menu_order":0,"comment_status":"closed","ping_status":"closed","template":"","meta":{"om_disable_all_campaigns":false,"_monsterinsights_skip_tracking":false,"_monsterinsights_sitenote_active":false,"_monsterinsights_sitenote_note":"","_monsterinsights_sitenote_category":0,"ngg_post_thumbnail":0,"footnotes":""},"class_list":["post-70","page","type-page","status-publish","hentry"],"aioseo_notices":[],"_links":{"self":[{"href":"https:\/\/kiemionys.lt\/index.php?rest_route=\/wp\/v2\/pages\/70","targetHints":{"allow":["GET"]}}],"collection":[{"href":"https:\/\/kiemionys.lt\/index.php?rest_route=\/wp\/v2\/pages"}],"about":[{"href":"https:\/\/kiemionys.lt\/index.php?rest_route=\/wp\/v2\/types\/page"}],"author":[{"embeddable":true,"href":"https:\/\/kiemionys.lt\/index.php?rest_route=\/wp\/v2\/users\/1"}],"replies":[{"embeddable":true,"href":"https:\/\/kiemionys.lt\/index.php?rest_route=%2Fwp%2Fv2%2Fcomments&post=70"}],"version-history":[{"count":11,"href":"https:\/\/kiemionys.lt\/index.php?rest_route=\/wp\/v2\/pages\/70\/revisions"}],"predecessor-version":[{"id":753,"href":"https:\/\/kiemionys.lt\/index.php?rest_route=\/wp\/v2\/pages\/70\/revisions\/753"}],"wp:attachment":[{"href":"https:\/\/kiemionys.lt\/index.php?rest_route=%2Fwp%2Fv2%2Fmedia&parent=70"}],"curies":[{"name":"wp","href":"https:\/\/api.w.org\/{rel}","templated":true}]}}