{"id":8,"date":"2023-08-01T16:02:27","date_gmt":"2023-08-01T16:02:27","guid":{"rendered":"https:\/\/kiemionys.lt\/?page_id=8"},"modified":"2026-01-22T05:59:10","modified_gmt":"2026-01-22T05:59:10","slug":"apie-sodyba","status":"publish","type":"page","link":"https:\/\/kiemionys.lt\/","title":{"rendered":"APIE SODYB\u0104"},"content":{"rendered":"<div id=\"malwarebytes-root\" style=\"position: fixed; inset: 0px 0px auto; z-index: 2147483647; width: 100%;\" tabindex=\"-1\">&nbsp;<\/div>\n<p>Nor\u0117dami nepamir\u0161tamai paatostogauti bet kuriuo met\u0173 laiku, nepraleiskite progos apsilankyti pas mus Zaras\u0173 rajone, Gra\u017eut\u0117s regioniniame parke, kuris gars\u0117ja 19,11 km\u00b2 ploto Antaliept\u0117s mariomis su savo 75 salomis, pusiasaliais bei \u012flankomis. Parke galima i\u0161vysti augalijos ir gyv\u016bnijos \u012fvairov\u0119, kuri yra beveik nepaliesta \u017emogaus. Kra\u0161tovaizd\u017eiu galite pasigro\u017e\u0117ti ne tik p\u0117s\u010diomis, bet ir dvira\u010di\u0173 mar\u0161rutais. M\u0117gstantys vandens pramogas yra kvie\u010diami i\u0161bandyti vandens trasas valtimis, kanojomis, vandens dvira\u010diais ar baidar\u0117mis, o \u017evejai gal\u0117s pasid\u017eiaugti \u017euvingu vandens telkiniu. Mes si\u016blome medin\u012f namel\u012f iki 10-xx miegam\u0173j\u0173 viet\u0173 tik 5 metrai nuo pakrant\u0117s (Antaliept\u0117s marios), ramiam ir jaukiam J\u016bs\u0173 poilsiui. Salako sen., Zaras\u0173 raj.<\/p>\n<p>Atstumai: Kaunas 175 km, Vilnius 140 km, Panev\u0117\u017eys 145 km.<\/p>\n","protected":false},"excerpt":{"rendered":"<p>&nbsp; Nor\u0117dami nepamir\u0161tamai paatostogauti bet kuriuo met\u0173 laiku, nepraleiskite progos apsilankyti pas mus Zaras\u0173 rajone, Gra\u017eut\u0117s regioniniame parke, kuris gars\u0117ja<\/p>\n<p><a href=\"https:\/\/kiemionys.lt\/\" class=\"more-link\">Continue reading<span class=\"screen-reader-text\">APIE SODYB\u0104<\/span><\/a><\/p>\n","protected":false},"author":1,"featured_media":0,"parent":0,"menu_order":0,"comment_status":"closed","ping_status":"closed","template":"","meta":{"om_disable_all_campaigns":false,"_monsterinsights_skip_tracking":false,"_monsterinsights_sitenote_active":false,"_monsterinsights_sitenote_note":"","_monsterinsights_sitenote_category":0,"ngg_post_thumbnail":0,"footnotes":""},"class_list":["post-8","page","type-page","status-publish","hentry"],"aioseo_notices":[],"_links":{"self":[{"href":"https:\/\/kiemionys.lt\/index.php?rest_route=\/wp\/v2\/pages\/8","targetHints":{"allow":["GET"]}}],"collection":[{"href":"https:\/\/kiemionys.lt\/index.php?rest_route=\/wp\/v2\/pages"}],"about":[{"href":"https:\/\/kiemionys.lt\/index.php?rest_route=\/wp\/v2\/types\/page"}],"author":[{"embeddable":true,"href":"https:\/\/kiemionys.lt\/index.php?rest_route=\/wp\/v2\/users\/1"}],"replies":[{"embeddable":true,"href":"https:\/\/kiemionys.lt\/index.php?rest_route=%2Fwp%2Fv2%2Fcomments&post=8"}],"version-history":[{"count":12,"href":"https:\/\/kiemionys.lt\/index.php?rest_route=\/wp\/v2\/pages\/8\/revisions"}],"predecessor-version":[{"id":752,"href":"https:\/\/kiemionys.lt\/index.php?rest_route=\/wp\/v2\/pages\/8\/revisions\/752"}],"wp:attachment":[{"href":"https:\/\/kiemionys.lt\/index.php?rest_route=%2Fwp%2Fv2%2Fmedia&parent=8"}],"curies":[{"name":"wp","href":"https:\/\/api.w.org\/{rel}","templated":true}]}}