{"id":86,"date":"2023-08-06T08:32:13","date_gmt":"2023-08-06T08:32:13","guid":{"rendered":"https:\/\/kiemionys.lt\/?page_id=86"},"modified":"2024-06-17T15:54:52","modified_gmt":"2024-06-17T15:54:52","slug":"apie-sodyba-deutsch","status":"publish","type":"page","link":"https:\/\/kiemionys.lt\/?page_id=86&lang=de","title":{"rendered":"\u00dcBER DAS GEH\u00d6FT"},"content":{"rendered":"<p>Wir laden Sie herzlich in unsere malerische Zarasai-Region ein. Wenn Sie eine sch\u00f6ne Zeit verbringen, entspannen und unvergessliche Eindr\u00fccke mitnehmen m\u00f6chten, sind wir zu jeder Jahreszeit f\u00fcr Sie da. Unser Anwesen liegt im Regionalpark Gra\u017eut\u0117 am Ufer des Stausees Antalieptes Marios. Der See hat eine Fl\u00e4che von 19 km2 und \u00fcberrascht mit 75 Inseln, vielen Halbinseln und Buchten. Im Nationalpark gibt es eine gro\u00dfe Vielfalt an endemischen Tier- und Pflanzenarten zu bewundern. Die Natur ist vom Menschen nahezu unber\u00fchrt. Sie k\u00f6nnen durch die W\u00e4lder wandern und auf Radwegen die Umgebung erkunden. Um den See kennenzulernen, bieten wir au\u00dferdem Boote, Kanus, Tretboote und Kajaks an. Angler sind am fischreichen See ebenso willkommen.<br \/>\nDas Ihnen zur Verf\u00fcgung stehende Ferienhaus befindet sich direkt am Seeufer und verf\u00fcgt \u00fcber 8 Schlafpl\u00e4tze. Das komfortable Holzhaus steht in v\u00f6lliger Alleinlage auf einem sehr gro\u00dfen Grundst\u00fcck.<\/p>\n<p>Wir warten auf Euch.<br \/>\nBezirk Zarasai, Salako sen.<\/p>\n<p>Entfernungen: 175 km nach Kaunas, 140 km nach Vilnius, 145 km nach Panevezys.<\/p>\n","protected":false},"excerpt":{"rendered":"<p>Wir laden Sie herzlich in unsere malerische Zarasai-Region ein. Wenn Sie eine sch\u00f6ne Zeit verbringen, entspannen und unvergessliche Eindr\u00fccke mitnehmen<\/p>\n<p><a href=\"https:\/\/kiemionys.lt\/?page_id=86&#038;lang=de\" class=\"more-link\">Continue reading<span class=\"screen-reader-text\">\u00dcBER DAS GEH\u00d6FT<\/span><\/a><\/p>\n","protected":false},"author":1,"featured_media":0,"parent":0,"menu_order":0,"comment_status":"closed","ping_status":"closed","template":"","meta":{"om_disable_all_campaigns":false,"_monsterinsights_skip_tracking":false,"_monsterinsights_sitenote_active":false,"_monsterinsights_sitenote_note":"","_monsterinsights_sitenote_category":0,"ngg_post_thumbnail":0,"footnotes":""},"class_list":["post-86","page","type-page","status-publish","hentry"],"aioseo_notices":[],"_links":{"self":[{"href":"https:\/\/kiemionys.lt\/index.php?rest_route=\/wp\/v2\/pages\/86","targetHints":{"allow":["GET"]}}],"collection":[{"href":"https:\/\/kiemionys.lt\/index.php?rest_route=\/wp\/v2\/pages"}],"about":[{"href":"https:\/\/kiemionys.lt\/index.php?rest_route=\/wp\/v2\/types\/page"}],"author":[{"embeddable":true,"href":"https:\/\/kiemionys.lt\/index.php?rest_route=\/wp\/v2\/users\/1"}],"replies":[{"embeddable":true,"href":"https:\/\/kiemionys.lt\/index.php?rest_route=%2Fwp%2Fv2%2Fcomments&post=86"}],"version-history":[{"count":6,"href":"https:\/\/kiemionys.lt\/index.php?rest_route=\/wp\/v2\/pages\/86\/revisions"}],"predecessor-version":[{"id":631,"href":"https:\/\/kiemionys.lt\/index.php?rest_route=\/wp\/v2\/pages\/86\/revisions\/631"}],"wp:attachment":[{"href":"https:\/\/kiemionys.lt\/index.php?rest_route=%2Fwp%2Fv2%2Fmedia&parent=86"}],"curies":[{"name":"wp","href":"https:\/\/api.w.org\/{rel}","templated":true}]}}